{"id":19,"date":"2021-07-08T18:05:06","date_gmt":"2021-07-08T21:05:06","guid":{"rendered":"http:\/\/severinopinturas.com.br\/?page_id=19"},"modified":"2021-12-23T01:40:10","modified_gmt":"2021-12-23T04:40:10","slug":"pagina-inicial","status":"publish","type":"page","link":"http:\/\/severinopinturas.com.br\/?page_id=19","title":{"rendered":"Nossos Servi\u00e7os"},"content":{"rendered":"<div class=\"col-md-5\">\n<h4 class=\"card-title\" style=\"text-align: left;\">Telhados<\/h4>\n<p style=\"text-align: left;\"><span>Coberturas, Telhados, Reformas, Policarbonato, Estrutura Met\u00e1licas e Mantas Asf\u00e1lticas.<\/span><\/p>\n<\/div>\n\n\n<figure class=\"wp-block-image size-large\"><img loading=\"lazy\" width=\"1024\" height=\"683\" src=\"http:\/\/severinopinturas.com.br\/wp-content\/uploads\/2021\/07\/slider2-1.jpg\" alt=\"\" class=\"wp-image-57\" srcset=\"http:\/\/severinopinturas.com.br\/wp-content\/uploads\/2021\/07\/slider2-1.jpg 1024w, http:\/\/severinopinturas.com.br\/wp-content\/uploads\/2021\/07\/slider2-1-300x200.jpg 300w, http:\/\/severinopinturas.com.br\/wp-content\/uploads\/2021\/07\/slider2-1-768x512.jpg 768w, http:\/\/severinopinturas.com.br\/wp-content\/uploads\/2021\/07\/slider2-1-360x240.jpg 360w\" sizes=\"(max-width: 1024px) 100vw, 1024px\" \/><\/figure>\n\n\n<div class=\"col-md-5\">\n<h4 class=\"card-title\" style=\"text-align: left;\">Pinturas e Texturas<\/h4>\n<p style=\"text-align: left;\"><span>Pinturas em geral, vernizes, esmaltes, texturas, grafiato e efeitos decorativos com os <a href=\"https:\/\/www.leroymerlin.com.br\/materiais-de-construcao\">melhores materiais do mercado.<\/a><\/span><\/p>\n<\/div>\n\n\n<figure class=\"wp-block-image size-large is-resized\"><img loading=\"lazy\" src=\"http:\/\/severinopinturas.com.br\/wp-content\/uploads\/2021\/07\/slider3-1.jpg\" alt=\"\" class=\"wp-image-58\" width=\"840\" height=\"560\" srcset=\"http:\/\/severinopinturas.com.br\/wp-content\/uploads\/2021\/07\/slider3-1.jpg 1024w, http:\/\/severinopinturas.com.br\/wp-content\/uploads\/2021\/07\/slider3-1-300x200.jpg 300w, http:\/\/severinopinturas.com.br\/wp-content\/uploads\/2021\/07\/slider3-1-768x512.jpg 768w, http:\/\/severinopinturas.com.br\/wp-content\/uploads\/2021\/07\/slider3-1-360x240.jpg 360w\" sizes=\"(max-width: 840px) 100vw, 840px\" \/><\/figure>\n\n\n<div class=\"col-md-5\">\n<h4 class=\"card-title\" style=\"text-align: left;\">Gesso e DryWall<\/h4>\n<p style=\"text-align: left;\"><span>Forros, paredes, divis\u00f3rias, tetos em gesso e tecnologia DryWall com m\u00e1xima qualidade e detalhismo no servi\u00e7o.<\/span><\/p>\n<\/div>\n\n\n<figure class=\"wp-block-image size-large\"><img loading=\"lazy\" width=\"1024\" height=\"683\" src=\"http:\/\/severinopinturas.com.br\/wp-content\/uploads\/2021\/07\/slider5-1.jpg\" alt=\"\" class=\"wp-image-59\" srcset=\"http:\/\/severinopinturas.com.br\/wp-content\/uploads\/2021\/07\/slider5-1.jpg 1024w, http:\/\/severinopinturas.com.br\/wp-content\/uploads\/2021\/07\/slider5-1-300x200.jpg 300w, http:\/\/severinopinturas.com.br\/wp-content\/uploads\/2021\/07\/slider5-1-768x512.jpg 768w, http:\/\/severinopinturas.com.br\/wp-content\/uploads\/2021\/07\/slider5-1-360x240.jpg 360w\" sizes=\"(max-width: 1024px) 100vw, 1024px\" \/><\/figure>\n\n\n<div class=\"col-md-5\">\n<h4 class=\"card-title\" style=\"text-align: left;\">Lavagem e Limpeza<\/h4>\n<p style=\"text-align: left;\"><span>Limpeza de toldos, calhas, lonas, coberturas de vidro, policarbonato, acr\u00edlico, skylights, luminosos e ACM.<\/span><\/p>\n<\/div>\n\n\n<figure class=\"wp-block-image size-large\"><img loading=\"lazy\" width=\"1024\" height=\"683\" src=\"http:\/\/severinopinturas.com.br\/wp-content\/uploads\/2021\/07\/slider4-1.jpg\" alt=\"\" class=\"wp-image-60\" srcset=\"http:\/\/severinopinturas.com.br\/wp-content\/uploads\/2021\/07\/slider4-1.jpg 1024w, http:\/\/severinopinturas.com.br\/wp-content\/uploads\/2021\/07\/slider4-1-300x200.jpg 300w, http:\/\/severinopinturas.com.br\/wp-content\/uploads\/2021\/07\/slider4-1-768x512.jpg 768w, http:\/\/severinopinturas.com.br\/wp-content\/uploads\/2021\/07\/slider4-1-360x240.jpg 360w\" sizes=\"(max-width: 1024px) 100vw, 1024px\" \/><\/figure>\n\n\n<div class=\"col-md-5\">\n<h4 class=\"card-title\" style=\"text-align: left;\">P\u00f3s-obra<\/h4>\n<p style=\"text-align: left;\"><span>Limpeza e organiza\u00e7\u00e3o do seu espa\u00e7o ap\u00f3s a conclus\u00e3o do servi\u00e7o executado.<\/span><\/p>\n<\/div>\n\n\n<figure class=\"wp-block-image size-large\"><img loading=\"lazy\" width=\"1024\" height=\"768\" src=\"http:\/\/severinopinturas.com.br\/wp-content\/uploads\/2021\/10\/posobra-1024x768.jpg\" alt=\"\" class=\"wp-image-71\" srcset=\"http:\/\/severinopinturas.com.br\/wp-content\/uploads\/2021\/10\/posobra-1024x768.jpg 1024w, http:\/\/severinopinturas.com.br\/wp-content\/uploads\/2021\/10\/posobra-300x225.jpg 300w, http:\/\/severinopinturas.com.br\/wp-content\/uploads\/2021\/10\/posobra-768x576.jpg 768w, http:\/\/severinopinturas.com.br\/wp-content\/uploads\/2021\/10\/posobra.jpg 1280w\" sizes=\"(max-width: 1024px) 100vw, 1024px\" \/><\/figure>\n\n\n\n<p><a href=\"http:\/\/severinopinturas.com.br\/?page_id=15\" target=\"_blank\" rel=\"noreferrer noopener\">Entre em contato conosco e fa\u00e7a seu or\u00e7amento!<\/a><\/p>\n","protected":false},"excerpt":{"rendered":"<p>Telhados Coberturas, Telhados, Reformas, Policarbonato, Estrutura Met\u00e1licas e Mantas Asf\u00e1lticas. Pinturas e Texturas Pinturas em geral, vernizes, esmaltes, texturas, grafiato e efeitos decorativos com os melhores materiais do mercado. Gesso e DryWall Forros, paredes, divis\u00f3rias, tetos em gesso e tecnologia DryWall com m\u00e1xima qualidade e detalhismo no servi\u00e7o. Lavagem e [&hellip;]<\/p>\n","protected":false},"author":1,"featured_media":18,"parent":0,"menu_order":0,"comment_status":"closed","ping_status":"closed","template":"","meta":{"om_disable_all_campaigns":false,"_monsterinsights_skip_tracking":false,"_monsterinsights_sitenote_active":false,"_monsterinsights_sitenote_note":"","_monsterinsights_sitenote_category":0},"yoast_head":"<!-- This site is optimized with the Yoast SEO plugin v17.9 - https:\/\/yoast.com\/wordpress\/plugins\/seo\/ -->\n<title>Nossos Servi\u00e7os - Severino Pinturas e Reformas<\/title>\n<meta name=\"robots\" content=\"index, follow, max-snippet:-1, max-image-preview:large, max-video-preview:-1\" \/>\n<link rel=\"canonical\" href=\"http:\/\/severinopinturas.com.br\/?page_id=19\" \/>\n<meta property=\"og:locale\" content=\"en_US\" \/>\n<meta property=\"og:type\" content=\"article\" \/>\n<meta property=\"og:title\" content=\"Nossos Servi\u00e7os - Severino Pinturas e Reformas\" \/>\n<meta property=\"og:description\" content=\"Telhados Coberturas, Telhados, Reformas, Policarbonato, Estrutura Met\u00e1licas e Mantas Asf\u00e1lticas. Pinturas e Texturas Pinturas em geral, vernizes, esmaltes, texturas, grafiato e efeitos decorativos com os melhores materiais do mercado. Gesso e DryWall Forros, paredes, divis\u00f3rias, tetos em gesso e tecnologia DryWall com m\u00e1xima qualidade e detalhismo no servi\u00e7o. Lavagem e [&hellip;]\" \/>\n<meta property=\"og:url\" content=\"http:\/\/severinopinturas.com.br\/?page_id=19\" \/>\n<meta property=\"og:site_name\" content=\"Severino Pinturas e Reformas\" \/>\n<meta property=\"article:modified_time\" content=\"2021-12-23T04:40:10+00:00\" \/>\n<meta property=\"og:image\" content=\"http:\/\/severinopinturas.com.br\/wp-content\/uploads\/2021\/07\/contact-1.jpg\" \/>\n\t<meta property=\"og:image:width\" content=\"1024\" \/>\n\t<meta property=\"og:image:height\" content=\"683\" \/>\n\t<meta property=\"og:image:type\" content=\"image\/jpeg\" \/>\n<meta name=\"twitter:card\" content=\"summary_large_image\" \/>\n<meta name=\"twitter:label1\" content=\"Est. reading time\" \/>\n\t<meta name=\"twitter:data1\" content=\"2 minutes\" \/>\n<script type=\"application\/ld+json\" class=\"yoast-schema-graph\">{\"@context\":\"https:\/\/schema.org\",\"@graph\":[{\"@type\":\"Organization\",\"@id\":\"http:\/\/severinopinturas.com.br\/#organization\",\"name\":\"Severino Pinturas\",\"url\":\"http:\/\/severinopinturas.com.br\/\",\"sameAs\":[],\"logo\":{\"@type\":\"ImageObject\",\"@id\":\"http:\/\/severinopinturas.com.br\/#logo\",\"inLanguage\":\"en-US\",\"url\":\"http:\/\/severinopinturas.com.br\/wp-content\/uploads\/2021\/07\/cropped-logo.png\",\"contentUrl\":\"http:\/\/severinopinturas.com.br\/wp-content\/uploads\/2021\/07\/cropped-logo.png\",\"width\":512,\"height\":512,\"caption\":\"Severino Pinturas\"},\"image\":{\"@id\":\"http:\/\/severinopinturas.com.br\/#logo\"}},{\"@type\":\"WebSite\",\"@id\":\"http:\/\/severinopinturas.com.br\/#website\",\"url\":\"http:\/\/severinopinturas.com.br\/\",\"name\":\"Severino Pinturas e Reformas\",\"description\":\"Pinturas Residenciais, Prediais, Gesso 3D, Epoxi Grafitado, Telhados.\",\"publisher\":{\"@id\":\"http:\/\/severinopinturas.com.br\/#organization\"},\"potentialAction\":[{\"@type\":\"SearchAction\",\"target\":{\"@type\":\"EntryPoint\",\"urlTemplate\":\"http:\/\/severinopinturas.com.br\/?s={search_term_string}\"},\"query-input\":\"required name=search_term_string\"}],\"inLanguage\":\"en-US\"},{\"@type\":\"ImageObject\",\"@id\":\"http:\/\/severinopinturas.com.br\/?page_id=19#primaryimage\",\"inLanguage\":\"en-US\",\"url\":\"http:\/\/severinopinturas.com.br\/wp-content\/uploads\/2021\/07\/contact-1.jpg\",\"contentUrl\":\"http:\/\/severinopinturas.com.br\/wp-content\/uploads\/2021\/07\/contact-1.jpg\",\"width\":1024,\"height\":683},{\"@type\":\"WebPage\",\"@id\":\"http:\/\/severinopinturas.com.br\/?page_id=19#webpage\",\"url\":\"http:\/\/severinopinturas.com.br\/?page_id=19\",\"name\":\"Nossos Servi\\u00e7os - Severino Pinturas e Reformas\",\"isPartOf\":{\"@id\":\"http:\/\/severinopinturas.com.br\/#website\"},\"primaryImageOfPage\":{\"@id\":\"http:\/\/severinopinturas.com.br\/?page_id=19#primaryimage\"},\"datePublished\":\"2021-07-08T21:05:06+00:00\",\"dateModified\":\"2021-12-23T04:40:10+00:00\",\"breadcrumb\":{\"@id\":\"http:\/\/severinopinturas.com.br\/?page_id=19#breadcrumb\"},\"inLanguage\":\"en-US\",\"potentialAction\":[{\"@type\":\"ReadAction\",\"target\":[\"http:\/\/severinopinturas.com.br\/?page_id=19\"]}]},{\"@type\":\"BreadcrumbList\",\"@id\":\"http:\/\/severinopinturas.com.br\/?page_id=19#breadcrumb\",\"itemListElement\":[{\"@type\":\"ListItem\",\"position\":1,\"name\":\"In\\u00edcio\",\"item\":\"http:\/\/severinopinturas.com.br\/\"},{\"@type\":\"ListItem\",\"position\":2,\"name\":\"Nossos Servi\\u00e7os\"}]}]}<\/script>\n<!-- \/ Yoast SEO plugin. -->","yoast_head_json":{"title":"Nossos Servi\u00e7os - Severino Pinturas e Reformas","robots":{"index":"index","follow":"follow","max-snippet":"max-snippet:-1","max-image-preview":"max-image-preview:large","max-video-preview":"max-video-preview:-1"},"canonical":"http:\/\/severinopinturas.com.br\/?page_id=19","og_locale":"en_US","og_type":"article","og_title":"Nossos Servi\u00e7os - Severino Pinturas e Reformas","og_description":"Telhados Coberturas, Telhados, Reformas, Policarbonato, Estrutura Met\u00e1licas e Mantas Asf\u00e1lticas. Pinturas e Texturas Pinturas em geral, vernizes, esmaltes, texturas, grafiato e efeitos decorativos com os melhores materiais do mercado. Gesso e DryWall Forros, paredes, divis\u00f3rias, tetos em gesso e tecnologia DryWall com m\u00e1xima qualidade e detalhismo no servi\u00e7o. Lavagem e [&hellip;]","og_url":"http:\/\/severinopinturas.com.br\/?page_id=19","og_site_name":"Severino Pinturas e Reformas","article_modified_time":"2021-12-23T04:40:10+00:00","og_image":[{"width":1024,"height":683,"url":"http:\/\/severinopinturas.com.br\/wp-content\/uploads\/2021\/07\/contact-1.jpg","type":"image\/jpeg"}],"twitter_card":"summary_large_image","twitter_misc":{"Est. reading time":"2 minutes"},"schema":{"@context":"https:\/\/schema.org","@graph":[{"@type":"Organization","@id":"http:\/\/severinopinturas.com.br\/#organization","name":"Severino Pinturas","url":"http:\/\/severinopinturas.com.br\/","sameAs":[],"logo":{"@type":"ImageObject","@id":"http:\/\/severinopinturas.com.br\/#logo","inLanguage":"en-US","url":"http:\/\/severinopinturas.com.br\/wp-content\/uploads\/2021\/07\/cropped-logo.png","contentUrl":"http:\/\/severinopinturas.com.br\/wp-content\/uploads\/2021\/07\/cropped-logo.png","width":512,"height":512,"caption":"Severino Pinturas"},"image":{"@id":"http:\/\/severinopinturas.com.br\/#logo"}},{"@type":"WebSite","@id":"http:\/\/severinopinturas.com.br\/#website","url":"http:\/\/severinopinturas.com.br\/","name":"Severino Pinturas e Reformas","description":"Pinturas Residenciais, Prediais, Gesso 3D, Epoxi Grafitado, Telhados.","publisher":{"@id":"http:\/\/severinopinturas.com.br\/#organization"},"potentialAction":[{"@type":"SearchAction","target":{"@type":"EntryPoint","urlTemplate":"http:\/\/severinopinturas.com.br\/?s={search_term_string}"},"query-input":"required name=search_term_string"}],"inLanguage":"en-US"},{"@type":"ImageObject","@id":"http:\/\/severinopinturas.com.br\/?page_id=19#primaryimage","inLanguage":"en-US","url":"http:\/\/severinopinturas.com.br\/wp-content\/uploads\/2021\/07\/contact-1.jpg","contentUrl":"http:\/\/severinopinturas.com.br\/wp-content\/uploads\/2021\/07\/contact-1.jpg","width":1024,"height":683},{"@type":"WebPage","@id":"http:\/\/severinopinturas.com.br\/?page_id=19#webpage","url":"http:\/\/severinopinturas.com.br\/?page_id=19","name":"Nossos Servi\u00e7os - Severino Pinturas e Reformas","isPartOf":{"@id":"http:\/\/severinopinturas.com.br\/#website"},"primaryImageOfPage":{"@id":"http:\/\/severinopinturas.com.br\/?page_id=19#primaryimage"},"datePublished":"2021-07-08T21:05:06+00:00","dateModified":"2021-12-23T04:40:10+00:00","breadcrumb":{"@id":"http:\/\/severinopinturas.com.br\/?page_id=19#breadcrumb"},"inLanguage":"en-US","potentialAction":[{"@type":"ReadAction","target":["http:\/\/severinopinturas.com.br\/?page_id=19"]}]},{"@type":"BreadcrumbList","@id":"http:\/\/severinopinturas.com.br\/?page_id=19#breadcrumb","itemListElement":[{"@type":"ListItem","position":1,"name":"In\u00edcio","item":"http:\/\/severinopinturas.com.br\/"},{"@type":"ListItem","position":2,"name":"Nossos Servi\u00e7os"}]}]}},"_links":{"self":[{"href":"http:\/\/severinopinturas.com.br\/index.php?rest_route=\/wp\/v2\/pages\/19"}],"collection":[{"href":"http:\/\/severinopinturas.com.br\/index.php?rest_route=\/wp\/v2\/pages"}],"about":[{"href":"http:\/\/severinopinturas.com.br\/index.php?rest_route=\/wp\/v2\/types\/page"}],"author":[{"embeddable":true,"href":"http:\/\/severinopinturas.com.br\/index.php?rest_route=\/wp\/v2\/users\/1"}],"replies":[{"embeddable":true,"href":"http:\/\/severinopinturas.com.br\/index.php?rest_route=%2Fwp%2Fv2%2Fcomments&post=19"}],"version-history":[{"count":7,"href":"http:\/\/severinopinturas.com.br\/index.php?rest_route=\/wp\/v2\/pages\/19\/revisions"}],"predecessor-version":[{"id":78,"href":"http:\/\/severinopinturas.com.br\/index.php?rest_route=\/wp\/v2\/pages\/19\/revisions\/78"}],"wp:featuredmedia":[{"embeddable":true,"href":"http:\/\/severinopinturas.com.br\/index.php?rest_route=\/wp\/v2\/media\/18"}],"wp:attachment":[{"href":"http:\/\/severinopinturas.com.br\/index.php?rest_route=%2Fwp%2Fv2%2Fmedia&parent=19"}],"curies":[{"name":"wp","href":"https:\/\/api.w.org\/{rel}","templated":true}]}}